{"id":17358,"date":"2024-04-15T21:24:01","date_gmt":"2024-04-15T18:24:01","guid":{"rendered":"https:\/\/sahinlergyo.com\/gyo\/?page_id=17358"},"modified":"2024-04-18T00:56:57","modified_gmt":"2024-04-17T21:56:57","slug":"kat-karsiligi-insaat-hizmetleri","status":"publish","type":"page","link":"https:\/\/sahinlergyo.com\/gyo\/kat-karsiligi-insaat-hizmetleri\/","title":{"rendered":"Kat Kar\u015f\u0131l\u0131\u011f\u0131 \u0130n\u015faat Hizmetleri"},"content":{"rendered":"\t\t<div data-elementor-type=\"wp-page\" data-elementor-id=\"17358\" class=\"elementor elementor-17358\" data-elementor-post-type=\"page\">\n\t\t\t\t<div class=\"elementor-element elementor-element-aeb033d e-flex e-con-boxed e-con e-parent\" data-id=\"aeb033d\" data-element_type=\"container\" data-settings=\"{&quot;content_width&quot;:&quot;boxed&quot;}\" data-core-v316-plus=\"true\">\n\t\t\t\t\t<div class=\"e-con-inner\">\n\t\t\t\t<div class=\"elementor-element elementor-element-94f3ee0 elementor-widget elementor-widget-text-editor\" data-id=\"94f3ee0\" data-element_type=\"widget\" data-widget_type=\"text-editor.default\">\n\t\t\t\t<div class=\"elementor-widget-container\">\n\t\t\t<style>\/*! elementor - v3.19.0 - 05-02-2024 *\/\n.elementor-widget-text-editor.elementor-drop-cap-view-stacked .elementor-drop-cap{background-color:#69727d;color:#fff}.elementor-widget-text-editor.elementor-drop-cap-view-framed .elementor-drop-cap{color:#69727d;border:3px solid;background-color:transparent}.elementor-widget-text-editor:not(.elementor-drop-cap-view-default) .elementor-drop-cap{margin-top:8px}.elementor-widget-text-editor:not(.elementor-drop-cap-view-default) .elementor-drop-cap-letter{width:1em;height:1em}.elementor-widget-text-editor .elementor-drop-cap{float:left;text-align:center;line-height:1;font-size:50px}.elementor-widget-text-editor .elementor-drop-cap-letter{display:inline-block}<\/style>\t\t\t\t<p>\u015eahinler \u0130n\u015faat, arsa sahipleriyle g\u00fcvenilir bir i\u015fbirli\u011fi sa\u011flayarak yeni projeler geli\u015ftirmekte ve kat kar\u015f\u0131l\u0131\u011f\u0131 anla\u015fmalar ile de\u011ferli projelere imza atmaktad\u0131r.<\/p><p><strong>Kat Kar\u015f\u0131l\u0131\u011f\u0131 \u0130n\u015faat Hizmetleri<\/strong><\/p><p>Kat kar\u015f\u0131l\u0131\u011f\u0131 in\u015faat, genellikle \u015fu ad\u0131mlar\u0131 i\u00e7eren bir i\u015f modelini ifade eder:<\/p>\t\t\t\t\t\t<\/div>\n\t\t\t\t<\/div>\n\t\t\t\t\t<\/div>\n\t\t\t\t<\/div>\n\t\t<div class=\"elementor-element elementor-element-8fc1d16 e-flex e-con-boxed e-con e-parent\" data-id=\"8fc1d16\" data-element_type=\"container\" data-settings=\"{&quot;content_width&quot;:&quot;boxed&quot;}\" data-core-v316-plus=\"true\">\n\t\t\t\t\t<div class=\"e-con-inner\">\n\t\t<div class=\"elementor-element elementor-element-53fc348 e-con-full e-flex e-con e-child\" data-id=\"53fc348\" data-element_type=\"container\" data-settings=\"{&quot;content_width&quot;:&quot;full&quot;}\">\n\t\t\t\t<div class=\"elementor-element elementor-element-38b6a82 elementor-widget elementor-widget-text-editor\" data-id=\"38b6a82\" data-element_type=\"widget\" data-widget_type=\"text-editor.default\">\n\t\t\t\t<div class=\"elementor-widget-container\">\n\t\t\t\t\t\t\t<ol><li><strong>Ara\u015ft\u0131rma ve \u0130nceleme:<\/strong><\/li><\/ol><p>M\u00fcteahhit firma, potansiyel bir proje i\u00e7in arsa sahipleri ile g\u00f6r\u00fc\u015fmeler yapar ve arsan\u0131n de\u011ferlendirmesini yapar. Projenin fizibilitesi ve b\u00f6lgesel de\u011ferlendirmeler yap\u0131l\u0131r.<\/p>\t\t\t\t\t\t<\/div>\n\t\t\t\t<\/div>\n\t\t\t\t<\/div>\n\t\t\t\t<div class=\"elementor-element elementor-element-ff02e4c elementor-widget elementor-widget-image\" data-id=\"ff02e4c\" data-element_type=\"widget\" data-widget_type=\"image.default\">\n\t\t\t\t<div class=\"elementor-widget-container\">\n\t\t\t<style>\/*! elementor - v3.19.0 - 05-02-2024 *\/\n.elementor-widget-image{text-align:center}.elementor-widget-image a{display:inline-block}.elementor-widget-image a img[src$=\".svg\"]{width:48px}.elementor-widget-image img{vertical-align:middle;display:inline-block}<\/style>\t\t\t\t\t\t\t\t\t\t<img fetchpriority=\"high\" decoding=\"async\" width=\"1024\" height=\"768\" src=\"https:\/\/sahinlergyo.com\/gyo\/wp-content\/uploads\/2024\/04\/1-18-1024x768.jpg\" class=\"attachment-large size-large wp-image-17465\" alt=\"\" srcset=\"https:\/\/sahinlergyo.com\/gyo\/wp-content\/uploads\/2024\/04\/1-18-1024x768.jpg 1024w, https:\/\/sahinlergyo.com\/gyo\/wp-content\/uploads\/2024\/04\/1-18-300x225.jpg 300w, https:\/\/sahinlergyo.com\/gyo\/wp-content\/uploads\/2024\/04\/1-18-768x576.jpg 768w, https:\/\/sahinlergyo.com\/gyo\/wp-content\/uploads\/2024\/04\/1-18-592x444.jpg 592w, https:\/\/sahinlergyo.com\/gyo\/wp-content\/uploads\/2024\/04\/1-18-584x438.jpg 584w, https:\/\/sahinlergyo.com\/gyo\/wp-content\/uploads\/2024\/04\/1-18-800x600.jpg 800w, https:\/\/sahinlergyo.com\/gyo\/wp-content\/uploads\/2024\/04\/1-18-120x90.jpg 120w, https:\/\/sahinlergyo.com\/gyo\/wp-content\/uploads\/2024\/04\/1-18-496x372.jpg 496w, https:\/\/sahinlergyo.com\/gyo\/wp-content\/uploads\/2024\/04\/1-18.jpg 1170w\" sizes=\"(max-width: 1024px) 100vw, 1024px\" \/>\t\t\t\t\t\t\t\t\t\t\t\t\t<\/div>\n\t\t\t\t<\/div>\n\t\t\t\t\t<\/div>\n\t\t\t\t<\/div>\n\t\t<div class=\"elementor-element elementor-element-ce4b441 e-flex e-con-boxed e-con e-parent\" data-id=\"ce4b441\" data-element_type=\"container\" data-settings=\"{&quot;content_width&quot;:&quot;boxed&quot;}\" data-core-v316-plus=\"true\">\n\t\t\t\t\t<div class=\"e-con-inner\">\n\t\t\t\t<div class=\"elementor-element elementor-element-b2d542a elementor-widget__width-initial elementor-widget elementor-widget-image\" data-id=\"b2d542a\" data-element_type=\"widget\" data-widget_type=\"image.default\">\n\t\t\t\t<div class=\"elementor-widget-container\">\n\t\t\t\t\t\t\t\t\t\t\t\t\t<img decoding=\"async\" width=\"1024\" height=\"768\" src=\"https:\/\/sahinlergyo.com\/gyo\/wp-content\/uploads\/2024\/04\/6-1-1024x768.jpg\" class=\"attachment-large size-large wp-image-17470\" alt=\"\" srcset=\"https:\/\/sahinlergyo.com\/gyo\/wp-content\/uploads\/2024\/04\/6-1-1024x768.jpg 1024w, https:\/\/sahinlergyo.com\/gyo\/wp-content\/uploads\/2024\/04\/6-1-300x225.jpg 300w, https:\/\/sahinlergyo.com\/gyo\/wp-content\/uploads\/2024\/04\/6-1-768x576.jpg 768w, https:\/\/sahinlergyo.com\/gyo\/wp-content\/uploads\/2024\/04\/6-1-592x444.jpg 592w, https:\/\/sahinlergyo.com\/gyo\/wp-content\/uploads\/2024\/04\/6-1-584x438.jpg 584w, https:\/\/sahinlergyo.com\/gyo\/wp-content\/uploads\/2024\/04\/6-1-800x600.jpg 800w, https:\/\/sahinlergyo.com\/gyo\/wp-content\/uploads\/2024\/04\/6-1-120x90.jpg 120w, https:\/\/sahinlergyo.com\/gyo\/wp-content\/uploads\/2024\/04\/6-1-496x372.jpg 496w, https:\/\/sahinlergyo.com\/gyo\/wp-content\/uploads\/2024\/04\/6-1.jpg 1170w\" sizes=\"(max-width: 1024px) 100vw, 1024px\" \/>\t\t\t\t\t\t\t\t\t\t\t\t\t<\/div>\n\t\t\t\t<\/div>\n\t\t<div class=\"elementor-element elementor-element-5cf639b e-con-full e-flex e-con e-child\" data-id=\"5cf639b\" data-element_type=\"container\" data-settings=\"{&quot;content_width&quot;:&quot;full&quot;}\">\n\t\t\t\t<div class=\"elementor-element elementor-element-c4c1982 elementor-widget elementor-widget-text-editor\" data-id=\"c4c1982\" data-element_type=\"widget\" data-widget_type=\"text-editor.default\">\n\t\t\t\t<div class=\"elementor-widget-container\">\n\t\t\t\t\t\t\t<ol start=\"2\"><li><strong>Anla\u015fma ve S\u00f6zle\u015fme:<\/strong><\/li><\/ol><p>Arsa sahipleri ile m\u00fcteahhit firma aras\u0131nda kat kar\u015f\u0131l\u0131\u011f\u0131 anla\u015fmas\u0131 yap\u0131l\u0131r. S\u00f6zle\u015fme, projenin detaylar\u0131n\u0131, kat kar\u015f\u0131l\u0131\u011f\u0131 oranlar\u0131n\u0131, projenin s\u00fcrecini ve sonu\u00e7land\u0131r\u0131lma ko\u015fullar\u0131n\u0131 i\u00e7erir.<\/p>\t\t\t\t\t\t<\/div>\n\t\t\t\t<\/div>\n\t\t\t\t<\/div>\n\t\t\t\t\t<\/div>\n\t\t\t\t<\/div>\n\t\t<div class=\"elementor-element elementor-element-9e77acf e-flex e-con-boxed e-con e-parent\" data-id=\"9e77acf\" data-element_type=\"container\" data-settings=\"{&quot;content_width&quot;:&quot;boxed&quot;}\" data-core-v316-plus=\"true\">\n\t\t\t\t\t<div class=\"e-con-inner\">\n\t\t\t\t<div class=\"elementor-element elementor-element-a247ac8 elementor-widget elementor-widget-text-editor\" data-id=\"a247ac8\" data-element_type=\"widget\" data-widget_type=\"text-editor.default\">\n\t\t\t\t<div class=\"elementor-widget-container\">\n\t\t\t\t\t\t\t<ol start=\"3\"><li><strong>Proje Geli\u015ftirme ve Tasar\u0131m:<\/strong><\/li><\/ol><p>\u0130n\u015faat projesi, m\u00fcteahhit firma taraf\u0131ndan tasarlan\u0131r ve geli\u015ftirilir. Bu a\u015famada mimari, m\u00fchendislik ve di\u011fer uzmanlar projenin detaylar\u0131n\u0131 belirlerler.<\/p>\t\t\t\t\t\t<\/div>\n\t\t\t\t<\/div>\n\t\t\t\t\t<\/div>\n\t\t\t\t<\/div>\n\t\t<div class=\"elementor-element elementor-element-bf2deb0 e-flex e-con-boxed e-con e-parent\" data-id=\"bf2deb0\" data-element_type=\"container\" data-settings=\"{&quot;content_width&quot;:&quot;boxed&quot;}\" data-core-v316-plus=\"true\">\n\t\t\t\t\t<div class=\"e-con-inner\">\n\t\t\t\t<div class=\"elementor-element elementor-element-1d2e920 elementor-widget elementor-widget-text-editor\" data-id=\"1d2e920\" data-element_type=\"widget\" data-widget_type=\"text-editor.default\">\n\t\t\t\t<div class=\"elementor-widget-container\">\n\t\t\t\t\t\t\t<ol start=\"4\"><li><strong>Yasal \u0130\u015flemler ve Onaylar:<\/strong><\/li><\/ol><p>Proje, ilgili belediye ve di\u011fer resmi kurumlarla uyumlu olacak \u015fekilde d\u00fczenlenir. Gerekli izinler ve onaylar al\u0131n\u0131r.<\/p>\t\t\t\t\t\t<\/div>\n\t\t\t\t<\/div>\n\t\t\t\t\t<\/div>\n\t\t\t\t<\/div>\n\t\t<div class=\"elementor-element elementor-element-a354d40 e-flex e-con-boxed e-con e-parent\" data-id=\"a354d40\" data-element_type=\"container\" data-settings=\"{&quot;content_width&quot;:&quot;boxed&quot;}\" data-core-v316-plus=\"true\">\n\t\t\t\t\t<div class=\"e-con-inner\">\n\t\t\t\t<div class=\"elementor-element elementor-element-0178e17 elementor-widget elementor-widget-text-editor\" data-id=\"0178e17\" data-element_type=\"widget\" data-widget_type=\"text-editor.default\">\n\t\t\t\t<div class=\"elementor-widget-container\">\n\t\t\t\t\t\t\t<ol start=\"5\"><li><strong>\u0130n\u015faat S\u00fcreci:<\/strong><\/li><\/ol><p>Proje onayland\u0131ktan sonra in\u015faat s\u00fcreci ba\u015flar. M\u00fcteahhit firma, in\u015faat i\u015flerini planlar, koordine eder ve projeyi zaman\u0131nda tamamlamak i\u00e7in \u00e7al\u0131\u015fmalar\u0131n\u0131 s\u00fcrd\u00fcr\u00fcr.<\/p>\t\t\t\t\t\t<\/div>\n\t\t\t\t<\/div>\n\t\t\t\t\t<\/div>\n\t\t\t\t<\/div>\n\t\t<div class=\"elementor-element elementor-element-edf3a69 e-flex e-con-boxed e-con e-parent\" data-id=\"edf3a69\" data-element_type=\"container\" data-settings=\"{&quot;content_width&quot;:&quot;boxed&quot;}\" data-core-v316-plus=\"true\">\n\t\t\t\t\t<div class=\"e-con-inner\">\n\t\t\t\t<div class=\"elementor-element elementor-element-ef54580 elementor-widget elementor-widget-text-editor\" data-id=\"ef54580\" data-element_type=\"widget\" data-widget_type=\"text-editor.default\">\n\t\t\t\t<div class=\"elementor-widget-container\">\n\t\t\t\t\t\t\t<ol start=\"6\"><li><strong>Proje Tamamlanmas\u0131 ve Teslimat:<\/strong><\/li><\/ol><p>\u0130n\u015faat tamamland\u0131\u011f\u0131nda, projenin detaylar\u0131na uygun olarak teslimat ger\u00e7ekle\u015fir. Kat kar\u015f\u0131l\u0131\u011f\u0131 anla\u015fmaya g\u00f6re arsa sahiplerine daireler veya projenin kar\u015f\u0131l\u0131\u011f\u0131 olan di\u011fer birimler teslim edilir.<\/p>\t\t\t\t\t\t<\/div>\n\t\t\t\t<\/div>\n\t\t\t\t\t<\/div>\n\t\t\t\t<\/div>\n\t\t<div class=\"elementor-element elementor-element-c972639 e-flex e-con-boxed e-con e-parent\" data-id=\"c972639\" data-element_type=\"container\" data-settings=\"{&quot;content_width&quot;:&quot;boxed&quot;}\" data-core-v316-plus=\"true\">\n\t\t\t\t\t<div class=\"e-con-inner\">\n\t\t\t\t<div class=\"elementor-element elementor-element-93e77d6 elementor-widget elementor-widget-text-editor\" data-id=\"93e77d6\" data-element_type=\"widget\" data-widget_type=\"text-editor.default\">\n\t\t\t\t<div class=\"elementor-widget-container\">\n\t\t\t\t\t\t\t<ol start=\"7\"><li><strong>Kar\u0131n Payla\u015f\u0131m\u0131:<\/strong><\/li><\/ol><p>Sat\u0131\u015f ger\u00e7ekle\u015ftikten sonra elde edilen gelir, kat kar\u015f\u0131l\u0131\u011f\u0131 anla\u015fma oranlar\u0131na g\u00f6re m\u00fcteahhit firma ve arsa sahipleri aras\u0131nda adil bir \u015fekilde payla\u015f\u0131l\u0131r.<\/p><p>Kat kar\u015f\u0131l\u0131\u011f\u0131 in\u015faat hizmetleri, m\u00fcteahhit firmalar ve arsa sahipleri aras\u0131nda kar\u015f\u0131l\u0131kl\u0131 g\u00fcvene dayanan bir i\u015f modelidir. Bu hizmet modeli, her iki taraf i\u00e7in de avantajl\u0131 bir i\u015fbirli\u011fi sa\u011flayarak projenin ba\u015far\u0131yla tamamlanmas\u0131n\u0131 hedefler.<\/p>\t\t\t\t\t\t<\/div>\n\t\t\t\t<\/div>\n\t\t\t\t\t<\/div>\n\t\t\t\t<\/div>\n\t\t\t\t<\/div>\n\t\t","protected":false},"excerpt":{"rendered":"<p>\u015eahinler \u0130n\u015faat, arsa sahipleriyle g\u00fcvenilir bir i\u015fbirli\u011fi sa\u011flayarak yeni projeler geli\u015ftirmekte ve kat kar\u015f\u0131l\u0131\u011f\u0131 anla\u015fmalar ile de\u011ferli projelere imza atmaktad\u0131r. Kat Kar\u015f\u0131l\u0131\u011f\u0131 \u0130n\u015faat Hizmetleri Kat kar\u015f\u0131l\u0131\u011f\u0131 in\u015faat, genellikle \u015fu ad\u0131mlar\u0131 i\u00e7eren bir i\u015f modelini ifade eder: Ara\u015ft\u0131rma ve \u0130nceleme: M\u00fcteahhit firma, potansiyel bir proje i\u00e7in arsa sahipleri ile g\u00f6r\u00fc\u015fmeler yapar ve arsan\u0131n de\u011ferlendirmesini yapar. Projenin [&hellip;]<\/p>\n","protected":false},"author":1,"featured_media":0,"parent":0,"menu_order":0,"comment_status":"closed","ping_status":"closed","template":"","meta":{"footnotes":""},"_links":{"self":[{"href":"https:\/\/sahinlergyo.com\/gyo\/wp-json\/wp\/v2\/pages\/17358"}],"collection":[{"href":"https:\/\/sahinlergyo.com\/gyo\/wp-json\/wp\/v2\/pages"}],"about":[{"href":"https:\/\/sahinlergyo.com\/gyo\/wp-json\/wp\/v2\/types\/page"}],"author":[{"embeddable":true,"href":"https:\/\/sahinlergyo.com\/gyo\/wp-json\/wp\/v2\/users\/1"}],"replies":[{"embeddable":true,"href":"https:\/\/sahinlergyo.com\/gyo\/wp-json\/wp\/v2\/comments?post=17358"}],"version-history":[{"count":7,"href":"https:\/\/sahinlergyo.com\/gyo\/wp-json\/wp\/v2\/pages\/17358\/revisions"}],"predecessor-version":[{"id":17476,"href":"https:\/\/sahinlergyo.com\/gyo\/wp-json\/wp\/v2\/pages\/17358\/revisions\/17476"}],"wp:attachment":[{"href":"https:\/\/sahinlergyo.com\/gyo\/wp-json\/wp\/v2\/media?parent=17358"}],"curies":[{"name":"wp","href":"https:\/\/api.w.org\/{rel}","templated":true}]}}