{"id":17370,"date":"2024-04-15T21:35:27","date_gmt":"2024-04-15T18:35:27","guid":{"rendered":"https:\/\/sahinlergyo.com\/gyo\/?page_id=17370"},"modified":"2024-04-18T01:03:12","modified_gmt":"2024-04-17T22:03:12","slug":"yap-sat-projeleri","status":"publish","type":"page","link":"https:\/\/sahinlergyo.com\/gyo\/yap-sat-projeleri\/","title":{"rendered":"Yap-Sat Projeleri"},"content":{"rendered":"\t\t<div data-elementor-type=\"wp-page\" data-elementor-id=\"17370\" class=\"elementor elementor-17370\" data-elementor-post-type=\"page\">\n\t\t\t\t<div class=\"elementor-element elementor-element-0d8d5b4 e-flex e-con-boxed e-con e-parent\" data-id=\"0d8d5b4\" data-element_type=\"container\" data-settings=\"{&quot;content_width&quot;:&quot;boxed&quot;}\" data-core-v316-plus=\"true\">\n\t\t\t\t\t<div class=\"e-con-inner\">\n\t\t\t\t<div class=\"elementor-element elementor-element-376bf74 elementor-widget elementor-widget-text-editor\" data-id=\"376bf74\" data-element_type=\"widget\" data-widget_type=\"text-editor.default\">\n\t\t\t\t<div class=\"elementor-widget-container\">\n\t\t\t<style>\/*! elementor - v3.19.0 - 05-02-2024 *\/\n.elementor-widget-text-editor.elementor-drop-cap-view-stacked .elementor-drop-cap{background-color:#69727d;color:#fff}.elementor-widget-text-editor.elementor-drop-cap-view-framed .elementor-drop-cap{color:#69727d;border:3px solid;background-color:transparent}.elementor-widget-text-editor:not(.elementor-drop-cap-view-default) .elementor-drop-cap{margin-top:8px}.elementor-widget-text-editor:not(.elementor-drop-cap-view-default) .elementor-drop-cap-letter{width:1em;height:1em}.elementor-widget-text-editor .elementor-drop-cap{float:left;text-align:center;line-height:1;font-size:50px}.elementor-widget-text-editor .elementor-drop-cap-letter{display:inline-block}<\/style>\t\t\t\t<p>Yap-Sat projeleri, s\u0131k\u00e7a kullan\u0131lan bir i\u015f modelidir. Bu modelde, bir m\u00fcteahhit veya in\u015faat \u015firketi, kendi finansman\u0131 veya yat\u0131r\u0131mc\u0131 deste\u011fi ile bir konut veya ticari proje geli\u015ftirir ve bu projedeki birimleri tamamlad\u0131ktan sonra, bunlar\u0131 sat\u0131\u015fa sunar. Yap-Sat projeleri genellikle konut, apartman, site veya ticari alanlar\u0131 kapsar. \u0130\u015fte Yap-Sat projelerinin ana hatlar\u0131:<\/p>\t\t\t\t\t\t<\/div>\n\t\t\t\t<\/div>\n\t\t\t\t\t<\/div>\n\t\t\t\t<\/div>\n\t\t<div class=\"elementor-element elementor-element-249ba39 e-flex e-con-boxed e-con e-parent\" data-id=\"249ba39\" data-element_type=\"container\" data-settings=\"{&quot;content_width&quot;:&quot;boxed&quot;}\" data-core-v316-plus=\"true\">\n\t\t\t\t\t<div class=\"e-con-inner\">\n\t\t<div class=\"elementor-element elementor-element-812ca7d e-con-full e-flex e-con e-child\" data-id=\"812ca7d\" data-element_type=\"container\" data-settings=\"{&quot;content_width&quot;:&quot;full&quot;}\">\n\t\t\t\t<div class=\"elementor-element elementor-element-cfa5ea5 elementor-widget elementor-widget-text-editor\" data-id=\"cfa5ea5\" data-element_type=\"widget\" data-widget_type=\"text-editor.default\">\n\t\t\t\t<div class=\"elementor-widget-container\">\n\t\t\t\t\t\t\t<ol><li><strong>Proje Geli\u015ftirme:<\/strong><\/li><\/ol><p>M\u00fcteahhit veya in\u015faat \u015firketi, potansiyel bir proje i\u00e7in ara\u015ft\u0131rmalar yapar ve projenin fizibilitesini de\u011ferlendirir. Bu a\u015famada, konum, pazar talepleri, rekabet analizi gibi fakt\u00f6rler g\u00f6z \u00f6n\u00fcnde bulundurulur.<\/p>\t\t\t\t\t\t<\/div>\n\t\t\t\t<\/div>\n\t\t\t\t<\/div>\n\t\t<div class=\"elementor-element elementor-element-c149fec e-con-full e-flex e-con e-child\" data-id=\"c149fec\" data-element_type=\"container\" data-settings=\"{&quot;content_width&quot;:&quot;full&quot;}\">\n\t\t\t\t<div class=\"elementor-element elementor-element-6830102 elementor-widget elementor-widget-image\" data-id=\"6830102\" data-element_type=\"widget\" data-widget_type=\"image.default\">\n\t\t\t\t<div class=\"elementor-widget-container\">\n\t\t\t<style>\/*! elementor - v3.19.0 - 05-02-2024 *\/\n.elementor-widget-image{text-align:center}.elementor-widget-image a{display:inline-block}.elementor-widget-image a img[src$=\".svg\"]{width:48px}.elementor-widget-image img{vertical-align:middle;display:inline-block}<\/style>\t\t\t\t\t\t\t\t\t\t<img fetchpriority=\"high\" decoding=\"async\" width=\"584\" height=\"438\" src=\"https:\/\/sahinlergyo.com\/gyo\/wp-content\/uploads\/2024\/04\/6-1-584x438.jpg\" class=\"attachment-houzez-item-image-6 size-houzez-item-image-6 wp-image-17470\" alt=\"\" srcset=\"https:\/\/sahinlergyo.com\/gyo\/wp-content\/uploads\/2024\/04\/6-1-584x438.jpg 584w, https:\/\/sahinlergyo.com\/gyo\/wp-content\/uploads\/2024\/04\/6-1-300x225.jpg 300w, https:\/\/sahinlergyo.com\/gyo\/wp-content\/uploads\/2024\/04\/6-1-1024x768.jpg 1024w, https:\/\/sahinlergyo.com\/gyo\/wp-content\/uploads\/2024\/04\/6-1-768x576.jpg 768w, https:\/\/sahinlergyo.com\/gyo\/wp-content\/uploads\/2024\/04\/6-1-592x444.jpg 592w, https:\/\/sahinlergyo.com\/gyo\/wp-content\/uploads\/2024\/04\/6-1-800x600.jpg 800w, https:\/\/sahinlergyo.com\/gyo\/wp-content\/uploads\/2024\/04\/6-1-120x90.jpg 120w, https:\/\/sahinlergyo.com\/gyo\/wp-content\/uploads\/2024\/04\/6-1-496x372.jpg 496w, https:\/\/sahinlergyo.com\/gyo\/wp-content\/uploads\/2024\/04\/6-1.jpg 1170w\" sizes=\"(max-width: 584px) 100vw, 584px\" \/>\t\t\t\t\t\t\t\t\t\t\t\t\t<\/div>\n\t\t\t\t<\/div>\n\t\t\t\t<\/div>\n\t\t\t\t\t<\/div>\n\t\t\t\t<\/div>\n\t\t<div class=\"elementor-element elementor-element-d1b3eef e-flex e-con-boxed e-con e-parent\" data-id=\"d1b3eef\" data-element_type=\"container\" data-settings=\"{&quot;content_width&quot;:&quot;boxed&quot;}\" data-core-v316-plus=\"true\">\n\t\t\t\t\t<div class=\"e-con-inner\">\n\t\t\t\t<div class=\"elementor-element elementor-element-8a34afe elementor-widget elementor-widget-text-editor\" data-id=\"8a34afe\" data-element_type=\"widget\" data-widget_type=\"text-editor.default\">\n\t\t\t\t<div class=\"elementor-widget-container\">\n\t\t\t\t\t\t\t<ol start=\"2\"><li><strong>Finansman ve Tasar\u0131m:<\/strong><\/li><\/ol><p>Projeyi hayata ge\u00e7irmek i\u00e7in gerekli finansman sa\u011flan\u0131r ve tasar\u0131m s\u00fcrecine ba\u015flan\u0131r. Mimarlar, m\u00fchendisler ve di\u011fer uzmanlar, projenin detaylar\u0131n\u0131 planlar ve tasarlarlar.<\/p>\t\t\t\t\t\t<\/div>\n\t\t\t\t<\/div>\n\t\t\t\t\t<\/div>\n\t\t\t\t<\/div>\n\t\t<div class=\"elementor-element elementor-element-8d0a3ca e-flex e-con-boxed e-con e-parent\" data-id=\"8d0a3ca\" data-element_type=\"container\" data-settings=\"{&quot;content_width&quot;:&quot;boxed&quot;}\" data-core-v316-plus=\"true\">\n\t\t\t\t\t<div class=\"e-con-inner\">\n\t\t<div class=\"elementor-element elementor-element-d50ad26 e-con-full e-flex e-con e-child\" data-id=\"d50ad26\" data-element_type=\"container\" data-settings=\"{&quot;content_width&quot;:&quot;full&quot;}\">\n\t\t\t\t<div class=\"elementor-element elementor-element-f894549 elementor-widget elementor-widget-text-editor\" data-id=\"f894549\" data-element_type=\"widget\" data-widget_type=\"text-editor.default\">\n\t\t\t\t<div class=\"elementor-widget-container\">\n\t\t\t\t\t\t\t<ol start=\"3\"><li><strong>\u0130n\u015faat S\u00fcreci:<\/strong><\/li><\/ol><p>Projenin in\u015faat s\u00fcreci ba\u015flar. Bu a\u015famada, altyap\u0131 \u00e7al\u0131\u015fmalar\u0131, yap\u0131 in\u015fas\u0131, i\u00e7 mekan tasar\u0131m\u0131 ve di\u011fer detaylar uygulan\u0131r. \u0130n\u015faat s\u00fcreci genellikle belirli bir zaman \u00e7er\u00e7evesinde tamamlan\u0131r.<\/p>\t\t\t\t\t\t<\/div>\n\t\t\t\t<\/div>\n\t\t\t\t<\/div>\n\t\t\t\t<div class=\"elementor-element elementor-element-9b66d13 elementor-widget elementor-widget-image\" data-id=\"9b66d13\" data-element_type=\"widget\" data-widget_type=\"image.default\">\n\t\t\t\t<div class=\"elementor-widget-container\">\n\t\t\t\t\t\t\t\t\t\t\t\t\t<img decoding=\"async\" width=\"592\" height=\"444\" src=\"https:\/\/sahinlergyo.com\/gyo\/wp-content\/uploads\/2024\/04\/4-2-592x444.jpg\" class=\"attachment-houzez-item-image-1 size-houzez-item-image-1 wp-image-17468\" alt=\"\" srcset=\"https:\/\/sahinlergyo.com\/gyo\/wp-content\/uploads\/2024\/04\/4-2-592x444.jpg 592w, https:\/\/sahinlergyo.com\/gyo\/wp-content\/uploads\/2024\/04\/4-2-300x225.jpg 300w, https:\/\/sahinlergyo.com\/gyo\/wp-content\/uploads\/2024\/04\/4-2-1024x768.jpg 1024w, https:\/\/sahinlergyo.com\/gyo\/wp-content\/uploads\/2024\/04\/4-2-768x576.jpg 768w, https:\/\/sahinlergyo.com\/gyo\/wp-content\/uploads\/2024\/04\/4-2-584x438.jpg 584w, https:\/\/sahinlergyo.com\/gyo\/wp-content\/uploads\/2024\/04\/4-2-800x600.jpg 800w, https:\/\/sahinlergyo.com\/gyo\/wp-content\/uploads\/2024\/04\/4-2-120x90.jpg 120w, https:\/\/sahinlergyo.com\/gyo\/wp-content\/uploads\/2024\/04\/4-2-496x372.jpg 496w, https:\/\/sahinlergyo.com\/gyo\/wp-content\/uploads\/2024\/04\/4-2.jpg 1170w\" sizes=\"(max-width: 592px) 100vw, 592px\" \/>\t\t\t\t\t\t\t\t\t\t\t\t\t<\/div>\n\t\t\t\t<\/div>\n\t\t\t\t\t<\/div>\n\t\t\t\t<\/div>\n\t\t<div class=\"elementor-element elementor-element-cb8e574 e-flex e-con-boxed e-con e-parent\" data-id=\"cb8e574\" data-element_type=\"container\" data-settings=\"{&quot;content_width&quot;:&quot;boxed&quot;}\" data-core-v316-plus=\"true\">\n\t\t\t\t\t<div class=\"e-con-inner\">\n\t\t\t\t<div class=\"elementor-element elementor-element-36b4469 elementor-widget elementor-widget-text-editor\" data-id=\"36b4469\" data-element_type=\"widget\" data-widget_type=\"text-editor.default\">\n\t\t\t\t<div class=\"elementor-widget-container\">\n\t\t\t\t\t\t\t<ol start=\"4\"><li><strong>Sat\u0131\u015f ve Pazarlama:<\/strong><\/li><\/ol><p>Birimler tamamland\u0131ktan sonra, m\u00fcteahhit veya in\u015faat \u015firketi, projedeki konut veya ticari birimleri sat\u0131\u015fa sunar. Bu a\u015famada pazarlama faaliyetleri ger\u00e7ekle\u015ftirilir, sat\u0131\u015f ofisleri a\u00e7\u0131l\u0131r ve potansiyel al\u0131c\u0131larla ileti\u015fime ge\u00e7ilir.<\/p>\t\t\t\t\t\t<\/div>\n\t\t\t\t<\/div>\n\t\t\t\t\t<\/div>\n\t\t\t\t<\/div>\n\t\t<div class=\"elementor-element elementor-element-ac72a2a e-flex e-con-boxed e-con e-parent\" data-id=\"ac72a2a\" data-element_type=\"container\" data-settings=\"{&quot;content_width&quot;:&quot;boxed&quot;}\" data-core-v316-plus=\"true\">\n\t\t\t\t\t<div class=\"e-con-inner\">\n\t\t\t\t<div class=\"elementor-element elementor-element-19939f0 elementor-widget elementor-widget-text-editor\" data-id=\"19939f0\" data-element_type=\"widget\" data-widget_type=\"text-editor.default\">\n\t\t\t\t<div class=\"elementor-widget-container\">\n\t\t\t\t\t\t\t<ol start=\"5\"><li><strong>Sat\u0131\u015f \u0130\u015flemleri:<\/strong><\/li><\/ol><p>\u0130lgilenen al\u0131c\u0131lar, projedeki birimleri sat\u0131n almak i\u00e7in ba\u015fvuruda bulunurlar. Sat\u0131\u015f i\u015flemleri, s\u00f6zle\u015fme imzalanmas\u0131, \u00f6deme plan\u0131n\u0131n belirlenmesi ve gerekli yasal prosed\u00fcrleri i\u00e7erir.<\/p>\t\t\t\t\t\t<\/div>\n\t\t\t\t<\/div>\n\t\t\t\t\t<\/div>\n\t\t\t\t<\/div>\n\t\t<div class=\"elementor-element elementor-element-7a9a3b9 e-flex e-con-boxed e-con e-parent\" data-id=\"7a9a3b9\" data-element_type=\"container\" data-settings=\"{&quot;content_width&quot;:&quot;boxed&quot;}\" data-core-v316-plus=\"true\">\n\t\t\t\t\t<div class=\"e-con-inner\">\n\t\t\t\t<div class=\"elementor-element elementor-element-42e3384 elementor-widget elementor-widget-text-editor\" data-id=\"42e3384\" data-element_type=\"widget\" data-widget_type=\"text-editor.default\">\n\t\t\t\t<div class=\"elementor-widget-container\">\n\t\t\t\t\t\t\t<ol start=\"6\"><li><strong>Teslimat ve Sonland\u0131rma:<\/strong><\/li><\/ol><p>Sat\u0131\u015f\u0131 yap\u0131lan birimlerin al\u0131c\u0131lar\u0131na teslimat\u0131 ger\u00e7ekle\u015ftirilir ve tapu i\u015flemleri tamamlan\u0131r. Bu a\u015fama, projenin tamamlanmas\u0131 ve m\u00fc\u015fterilere teslim edilmesi anlam\u0131na gelir.<\/p>\t\t\t\t\t\t<\/div>\n\t\t\t\t<\/div>\n\t\t\t\t\t<\/div>\n\t\t\t\t<\/div>\n\t\t<div class=\"elementor-element elementor-element-a0ab753 e-flex e-con-boxed e-con e-parent\" data-id=\"a0ab753\" data-element_type=\"container\" data-settings=\"{&quot;content_width&quot;:&quot;boxed&quot;}\" data-core-v316-plus=\"true\">\n\t\t\t\t\t<div class=\"e-con-inner\">\n\t\t\t\t<div class=\"elementor-element elementor-element-86778ac elementor-widget elementor-widget-text-editor\" data-id=\"86778ac\" data-element_type=\"widget\" data-widget_type=\"text-editor.default\">\n\t\t\t\t<div class=\"elementor-widget-container\">\n\t\t\t\t\t\t\t<ol start=\"7\"><li><strong>Sat\u0131\u015ftan Elde Edilen Gelir:<\/strong><\/li><\/ol><p>Yap-Sat modelinde elde edilen gelir, projenin sat\u0131\u015f\u0131ndan elde edilen birim ba\u015f\u0131na sat\u0131\u015f fiyatlar\u0131ndan gelir ve bu gelir, projenin finansman\u0131n\u0131 kapatmak, yeni projeler i\u00e7in kaynak sa\u011flamak veya \u015firketin di\u011fer ihtiya\u00e7lar\u0131 i\u00e7in kullan\u0131labilir.<\/p><p>Yap-Sat projeleri, m\u00fcteahhitler ve in\u015faat \u015firketleri i\u00e7in k\u00e2rl\u0131 bir i\u015f modeli olabilir, ancak piyasa ko\u015fullar\u0131, konum ve projenin kalitesi gibi fakt\u00f6rler bu ba\u015far\u0131y\u0131 etkileyebilir.<\/p>\t\t\t\t\t\t<\/div>\n\t\t\t\t<\/div>\n\t\t\t\t\t<\/div>\n\t\t\t\t<\/div>\n\t\t\t\t<\/div>\n\t\t","protected":false},"excerpt":{"rendered":"<p>Yap-Sat projeleri, s\u0131k\u00e7a kullan\u0131lan bir i\u015f modelidir. Bu modelde, bir m\u00fcteahhit veya in\u015faat \u015firketi, kendi finansman\u0131 veya yat\u0131r\u0131mc\u0131 deste\u011fi ile bir konut veya ticari proje geli\u015ftirir ve bu projedeki birimleri tamamlad\u0131ktan sonra, bunlar\u0131 sat\u0131\u015fa sunar. Yap-Sat projeleri genellikle konut, apartman, site veya ticari alanlar\u0131 kapsar. \u0130\u015fte Yap-Sat projelerinin ana hatlar\u0131: Proje Geli\u015ftirme: M\u00fcteahhit veya in\u015faat [&hellip;]<\/p>\n","protected":false},"author":1,"featured_media":0,"parent":0,"menu_order":0,"comment_status":"closed","ping_status":"closed","template":"","meta":{"footnotes":""},"_links":{"self":[{"href":"https:\/\/sahinlergyo.com\/gyo\/wp-json\/wp\/v2\/pages\/17370"}],"collection":[{"href":"https:\/\/sahinlergyo.com\/gyo\/wp-json\/wp\/v2\/pages"}],"about":[{"href":"https:\/\/sahinlergyo.com\/gyo\/wp-json\/wp\/v2\/types\/page"}],"author":[{"embeddable":true,"href":"https:\/\/sahinlergyo.com\/gyo\/wp-json\/wp\/v2\/users\/1"}],"replies":[{"embeddable":true,"href":"https:\/\/sahinlergyo.com\/gyo\/wp-json\/wp\/v2\/comments?post=17370"}],"version-history":[{"count":7,"href":"https:\/\/sahinlergyo.com\/gyo\/wp-json\/wp\/v2\/pages\/17370\/revisions"}],"predecessor-version":[{"id":17482,"href":"https:\/\/sahinlergyo.com\/gyo\/wp-json\/wp\/v2\/pages\/17370\/revisions\/17482"}],"wp:attachment":[{"href":"https:\/\/sahinlergyo.com\/gyo\/wp-json\/wp\/v2\/media?parent=17370"}],"curies":[{"name":"wp","href":"https:\/\/api.w.org\/{rel}","templated":true}]}}