{"id":17376,"date":"2024-04-15T21:38:26","date_gmt":"2024-04-15T18:38:26","guid":{"rendered":"https:\/\/sahinlergyo.com\/gyo\/?page_id=17376"},"modified":"2024-04-18T01:05:07","modified_gmt":"2024-04-17T22:05:07","slug":"tadilat-hizmetleri","status":"publish","type":"page","link":"https:\/\/sahinlergyo.com\/gyo\/tadilat-hizmetleri\/","title":{"rendered":"Tadilat Hizmetleri"},"content":{"rendered":"\t\t<div data-elementor-type=\"wp-page\" data-elementor-id=\"17376\" class=\"elementor elementor-17376\" data-elementor-post-type=\"page\">\n\t\t\t\t<div class=\"elementor-element elementor-element-61bf2ee e-flex e-con-boxed e-con e-parent\" data-id=\"61bf2ee\" data-element_type=\"container\" data-settings=\"{&quot;content_width&quot;:&quot;boxed&quot;}\" data-core-v316-plus=\"true\">\n\t\t\t\t\t<div class=\"e-con-inner\">\n\t\t<div class=\"elementor-element elementor-element-ae24919 e-con-full e-flex e-con e-child\" data-id=\"ae24919\" data-element_type=\"container\" data-settings=\"{&quot;content_width&quot;:&quot;full&quot;}\">\n\t\t\t\t<div class=\"elementor-element elementor-element-a614266 elementor-widget elementor-widget-text-editor\" data-id=\"a614266\" data-element_type=\"widget\" data-widget_type=\"text-editor.default\">\n\t\t\t\t<div class=\"elementor-widget-container\">\n\t\t\t<style>\/*! elementor - v3.19.0 - 05-02-2024 *\/\n.elementor-widget-text-editor.elementor-drop-cap-view-stacked .elementor-drop-cap{background-color:#69727d;color:#fff}.elementor-widget-text-editor.elementor-drop-cap-view-framed .elementor-drop-cap{color:#69727d;border:3px solid;background-color:transparent}.elementor-widget-text-editor:not(.elementor-drop-cap-view-default) .elementor-drop-cap{margin-top:8px}.elementor-widget-text-editor:not(.elementor-drop-cap-view-default) .elementor-drop-cap-letter{width:1em;height:1em}.elementor-widget-text-editor .elementor-drop-cap{float:left;text-align:center;line-height:1;font-size:50px}.elementor-widget-text-editor .elementor-drop-cap-letter{display:inline-block}<\/style>\t\t\t\t<p>Tadilat hizmetleri, mevcut bir yap\u0131n\u0131n veya mekan\u0131n fiziksel durumunu iyile\u015ftirmek, modernize etmek, i\u015flevselli\u011fini art\u0131rmak veya estetik olarak g\u00fcncellemek amac\u0131yla yap\u0131lan de\u011fi\u015fiklikleri i\u00e7erir. Tadilatlar genellikle evler, ofisler, ticari alanlar veya end\u00fcstriyel tesisler gibi \u00e7e\u015fitli mekanlarda ger\u00e7ekle\u015ftirilebilir. Tadilat hizmetleri, projenin \u00f6zelliklerine ve m\u00fc\u015fterinin taleplerine ba\u011fl\u0131 olarak farkl\u0131 alanlarda uygulanabilir. \u0130\u015fte tadilat hizmetlerinin ana hatlar\u0131:<\/p>\t\t\t\t\t\t<\/div>\n\t\t\t\t<\/div>\n\t\t\t\t<\/div>\n\t\t\t\t<div class=\"elementor-element elementor-element-3987055 elementor-widget elementor-widget-image\" data-id=\"3987055\" data-element_type=\"widget\" data-widget_type=\"image.default\">\n\t\t\t\t<div class=\"elementor-widget-container\">\n\t\t\t<style>\/*! elementor - v3.19.0 - 05-02-2024 *\/\n.elementor-widget-image{text-align:center}.elementor-widget-image a{display:inline-block}.elementor-widget-image a img[src$=\".svg\"]{width:48px}.elementor-widget-image img{vertical-align:middle;display:inline-block}<\/style>\t\t\t\t\t\t\t\t\t\t<img fetchpriority=\"high\" decoding=\"async\" width=\"584\" height=\"438\" src=\"https:\/\/sahinlergyo.com\/gyo\/wp-content\/uploads\/2024\/04\/7-584x438.jpg\" class=\"attachment-houzez-item-image-6 size-houzez-item-image-6 wp-image-17471\" alt=\"\" srcset=\"https:\/\/sahinlergyo.com\/gyo\/wp-content\/uploads\/2024\/04\/7-584x438.jpg 584w, https:\/\/sahinlergyo.com\/gyo\/wp-content\/uploads\/2024\/04\/7-300x225.jpg 300w, https:\/\/sahinlergyo.com\/gyo\/wp-content\/uploads\/2024\/04\/7-1024x768.jpg 1024w, https:\/\/sahinlergyo.com\/gyo\/wp-content\/uploads\/2024\/04\/7-768x576.jpg 768w, https:\/\/sahinlergyo.com\/gyo\/wp-content\/uploads\/2024\/04\/7-592x444.jpg 592w, https:\/\/sahinlergyo.com\/gyo\/wp-content\/uploads\/2024\/04\/7-800x600.jpg 800w, https:\/\/sahinlergyo.com\/gyo\/wp-content\/uploads\/2024\/04\/7-120x90.jpg 120w, https:\/\/sahinlergyo.com\/gyo\/wp-content\/uploads\/2024\/04\/7-496x372.jpg 496w, https:\/\/sahinlergyo.com\/gyo\/wp-content\/uploads\/2024\/04\/7.jpg 1170w\" sizes=\"(max-width: 584px) 100vw, 584px\" \/>\t\t\t\t\t\t\t\t\t\t\t\t\t<\/div>\n\t\t\t\t<\/div>\n\t\t\t\t\t<\/div>\n\t\t\t\t<\/div>\n\t\t<div class=\"elementor-element elementor-element-0169a52 e-flex e-con-boxed e-con e-parent\" data-id=\"0169a52\" data-element_type=\"container\" data-settings=\"{&quot;content_width&quot;:&quot;boxed&quot;}\" data-core-v316-plus=\"true\">\n\t\t\t\t\t<div class=\"e-con-inner\">\n\t\t\t\t<div class=\"elementor-element elementor-element-fc1aa7a elementor-widget elementor-widget-text-editor\" data-id=\"fc1aa7a\" data-element_type=\"widget\" data-widget_type=\"text-editor.default\">\n\t\t\t\t<div class=\"elementor-widget-container\">\n\t\t\t\t\t\t\t<ol><li><strong>De\u011ferlendirme ve Planlama:<\/strong><\/li><\/ol><p>Tadilat hizmetleri, \u00f6ncelikle mevcut durumun de\u011ferlendirilmesi ve m\u00fc\u015fteri ihtiya\u00e7lar\u0131n\u0131n belirlenmesi ile ba\u015flar. Bu a\u015famada, yap\u0131lan yerinde inceleme ve m\u00fc\u015fteriyle yap\u0131lan g\u00f6r\u00fc\u015fmelerle projenin detaylar\u0131 belirlenir.<\/p>\t\t\t\t\t\t<\/div>\n\t\t\t\t<\/div>\n\t\t\t\t\t<\/div>\n\t\t\t\t<\/div>\n\t\t<div class=\"elementor-element elementor-element-5d78034 e-flex e-con-boxed e-con e-parent\" data-id=\"5d78034\" data-element_type=\"container\" data-settings=\"{&quot;content_width&quot;:&quot;boxed&quot;}\" data-core-v316-plus=\"true\">\n\t\t\t\t\t<div class=\"e-con-inner\">\n\t\t\t\t<div class=\"elementor-element elementor-element-b741f22 elementor-widget elementor-widget-text-editor\" data-id=\"b741f22\" data-element_type=\"widget\" data-widget_type=\"text-editor.default\">\n\t\t\t\t<div class=\"elementor-widget-container\">\n\t\t\t\t\t\t\t<ol start=\"2\"><li><strong>Tasar\u0131m ve Proje Geli\u015ftirme:<\/strong><\/li><\/ol><p>Tadilat\u0131n kapsam\u0131na g\u00f6re, mimarlar ve tasar\u0131mc\u0131lar mekan\u0131n yeni d\u00fczenlemeleri i\u00e7in tasar\u0131m ve projeleri geli\u015ftirir. Bu a\u015fama, m\u00fc\u015fterinin isteklerini, b\u00fct\u00e7eyi ve mekana uygunlu\u011fu i\u00e7erir.<\/p>\t\t\t\t\t\t<\/div>\n\t\t\t\t<\/div>\n\t\t\t\t\t<\/div>\n\t\t\t\t<\/div>\n\t\t<div class=\"elementor-element elementor-element-24a1b77 e-flex e-con-boxed e-con e-parent\" data-id=\"24a1b77\" data-element_type=\"container\" data-settings=\"{&quot;content_width&quot;:&quot;boxed&quot;}\" data-core-v316-plus=\"true\">\n\t\t\t\t\t<div class=\"e-con-inner\">\n\t\t\t\t<div class=\"elementor-element elementor-element-14c30b6 elementor-widget elementor-widget-image\" data-id=\"14c30b6\" data-element_type=\"widget\" data-widget_type=\"image.default\">\n\t\t\t\t<div class=\"elementor-widget-container\">\n\t\t\t\t\t\t\t\t\t\t\t\t\t<img decoding=\"async\" width=\"584\" height=\"438\" src=\"https:\/\/sahinlergyo.com\/gyo\/wp-content\/uploads\/2024\/04\/8-584x438.jpg\" class=\"attachment-houzez-item-image-6 size-houzez-item-image-6 wp-image-17472\" alt=\"\" srcset=\"https:\/\/sahinlergyo.com\/gyo\/wp-content\/uploads\/2024\/04\/8-584x438.jpg 584w, https:\/\/sahinlergyo.com\/gyo\/wp-content\/uploads\/2024\/04\/8-300x225.jpg 300w, https:\/\/sahinlergyo.com\/gyo\/wp-content\/uploads\/2024\/04\/8-1024x768.jpg 1024w, https:\/\/sahinlergyo.com\/gyo\/wp-content\/uploads\/2024\/04\/8-768x576.jpg 768w, https:\/\/sahinlergyo.com\/gyo\/wp-content\/uploads\/2024\/04\/8-592x444.jpg 592w, https:\/\/sahinlergyo.com\/gyo\/wp-content\/uploads\/2024\/04\/8-800x600.jpg 800w, https:\/\/sahinlergyo.com\/gyo\/wp-content\/uploads\/2024\/04\/8-120x90.jpg 120w, https:\/\/sahinlergyo.com\/gyo\/wp-content\/uploads\/2024\/04\/8-496x372.jpg 496w, https:\/\/sahinlergyo.com\/gyo\/wp-content\/uploads\/2024\/04\/8.jpg 1170w\" sizes=\"(max-width: 584px) 100vw, 584px\" \/>\t\t\t\t\t\t\t\t\t\t\t\t\t<\/div>\n\t\t\t\t<\/div>\n\t\t<div class=\"elementor-element elementor-element-b5be306 e-con-full e-flex e-con e-child\" data-id=\"b5be306\" data-element_type=\"container\" data-settings=\"{&quot;content_width&quot;:&quot;full&quot;}\">\n\t\t\t\t<div class=\"elementor-element elementor-element-4cf2792 elementor-widget elementor-widget-text-editor\" data-id=\"4cf2792\" data-element_type=\"widget\" data-widget_type=\"text-editor.default\">\n\t\t\t\t<div class=\"elementor-widget-container\">\n\t\t\t\t\t\t\t<ol start=\"3\"><li><strong>\u0130\u015f G\u00fcc\u00fc ve Malzeme Temini:<\/strong><\/li><\/ol><p>Proje onayland\u0131ktan sonra, gerekli olan i\u015f g\u00fcc\u00fc ve malzeme temini sa\u011flan\u0131r. Bu, tadilat i\u015flemlerinin ba\u015flamas\u0131 i\u00e7in gerekli kaynaklar\u0131n teminini i\u00e7erir.<\/p>\t\t\t\t\t\t<\/div>\n\t\t\t\t<\/div>\n\t\t\t\t<\/div>\n\t\t\t\t\t<\/div>\n\t\t\t\t<\/div>\n\t\t<div class=\"elementor-element elementor-element-17a5b98 e-flex e-con-boxed e-con e-parent\" data-id=\"17a5b98\" data-element_type=\"container\" data-settings=\"{&quot;content_width&quot;:&quot;boxed&quot;}\" data-core-v316-plus=\"true\">\n\t\t\t\t\t<div class=\"e-con-inner\">\n\t\t\t\t<div class=\"elementor-element elementor-element-c9cd97a elementor-widget elementor-widget-text-editor\" data-id=\"c9cd97a\" data-element_type=\"widget\" data-widget_type=\"text-editor.default\">\n\t\t\t\t<div class=\"elementor-widget-container\">\n\t\t\t\t\t\t\t<ol start=\"4\"><li><strong>Yap\u0131sal ve Estetik De\u011fi\u015fiklikler:<\/strong><\/li><\/ol><p>Tadilat\u0131n kapsam\u0131na ba\u011fl\u0131 olarak, yap\u0131sal de\u011fi\u015fiklikler (duvarlar\u0131n y\u0131k\u0131lmas\u0131, alanlar\u0131n birle\u015ftirilmesi vb.) ve estetik iyile\u015ftirmeler (boya, zemin kaplamalar\u0131, ayd\u0131nlatma d\u00fczenlemeleri) ger\u00e7ekle\u015ftirilir.<\/p>\t\t\t\t\t\t<\/div>\n\t\t\t\t<\/div>\n\t\t\t\t\t<\/div>\n\t\t\t\t<\/div>\n\t\t<div class=\"elementor-element elementor-element-805d1eb e-flex e-con-boxed e-con e-parent\" data-id=\"805d1eb\" data-element_type=\"container\" data-settings=\"{&quot;content_width&quot;:&quot;boxed&quot;}\" data-core-v316-plus=\"true\">\n\t\t\t\t\t<div class=\"e-con-inner\">\n\t\t\t\t<div class=\"elementor-element elementor-element-1024d0b elementor-widget elementor-widget-text-editor\" data-id=\"1024d0b\" data-element_type=\"widget\" data-widget_type=\"text-editor.default\">\n\t\t\t\t<div class=\"elementor-widget-container\">\n\t\t\t\t\t\t\t<ol start=\"5\"><li><strong>Elektrik ve Tesisat \u0130\u015fleri:<\/strong><\/li><\/ol><p>E\u011fer tadilat kapsam\u0131nda elektrik veya tesisat i\u015fleri gerekiyorsa, bu alanlarda gerekli g\u00fcncellemeler ve iyile\u015ftirmeler yap\u0131l\u0131r.<\/p>\t\t\t\t\t\t<\/div>\n\t\t\t\t<\/div>\n\t\t\t\t\t<\/div>\n\t\t\t\t<\/div>\n\t\t<div class=\"elementor-element elementor-element-11d1330 e-flex e-con-boxed e-con e-parent\" data-id=\"11d1330\" data-element_type=\"container\" data-settings=\"{&quot;content_width&quot;:&quot;boxed&quot;}\" data-core-v316-plus=\"true\">\n\t\t\t\t\t<div class=\"e-con-inner\">\n\t\t\t\t<div class=\"elementor-element elementor-element-7f58def elementor-widget elementor-widget-text-editor\" data-id=\"7f58def\" data-element_type=\"widget\" data-widget_type=\"text-editor.default\">\n\t\t\t\t<div class=\"elementor-widget-container\">\n\t\t\t\t\t\t\t<ol start=\"6\"><li><strong>\u0130\u00e7 Dekorasyon:<\/strong><\/li><\/ol><p>\u0130lgili ise, i\u00e7 dekorasyon hizmetleri de sa\u011flanabilir. Yeni mobilya, perde, aksesuarlar gibi \u00f6\u011felerle mekan\u0131n esteti\u011fi tamamlan\u0131r.<\/p>\t\t\t\t\t\t<\/div>\n\t\t\t\t<\/div>\n\t\t\t\t\t<\/div>\n\t\t\t\t<\/div>\n\t\t<div class=\"elementor-element elementor-element-367560b e-flex e-con-boxed e-con e-parent\" data-id=\"367560b\" data-element_type=\"container\" data-settings=\"{&quot;content_width&quot;:&quot;boxed&quot;}\" data-core-v316-plus=\"true\">\n\t\t\t\t\t<div class=\"e-con-inner\">\n\t\t\t\t<div class=\"elementor-element elementor-element-043b849 elementor-widget elementor-widget-text-editor\" data-id=\"043b849\" data-element_type=\"widget\" data-widget_type=\"text-editor.default\">\n\t\t\t\t<div class=\"elementor-widget-container\">\n\t\t\t\t\t\t\t<ol start=\"7\"><li><strong>Kalite Kontrol ve Bitirme:<\/strong><\/li><\/ol><p>Tamamlanan tadilat i\u015flemleri kalite kontrol\u00fcnden ge\u00e7irilir ve eksik veya hatal\u0131 detaylar d\u00fczeltilir. Ard\u0131ndan, m\u00fc\u015fterinin be\u011fenisine sunulmak \u00fczere proje bitirilir.<\/p>\t\t\t\t\t\t<\/div>\n\t\t\t\t<\/div>\n\t\t\t\t\t<\/div>\n\t\t\t\t<\/div>\n\t\t<div class=\"elementor-element elementor-element-65106aa e-flex e-con-boxed e-con e-parent\" data-id=\"65106aa\" data-element_type=\"container\" data-settings=\"{&quot;content_width&quot;:&quot;boxed&quot;}\" data-core-v316-plus=\"true\">\n\t\t\t\t\t<div class=\"e-con-inner\">\n\t\t\t\t<div class=\"elementor-element elementor-element-67f4340 elementor-widget elementor-widget-text-editor\" data-id=\"67f4340\" data-element_type=\"widget\" data-widget_type=\"text-editor.default\">\n\t\t\t\t<div class=\"elementor-widget-container\">\n\t\t\t\t\t\t\t<ol start=\"8\"><li><strong>Teslimat ve Sonland\u0131rma:<\/strong><\/li><\/ol><p>Tadilat tamamland\u0131\u011f\u0131nda, m\u00fc\u015fteriye proje teslim edilir. Bu a\u015famada, m\u00fc\u015fteri memnuniyeti sa\u011flan\u0131r ve gerekirse ek d\u00fczeltmeler yap\u0131l\u0131r.<\/p><p>Tadilat hizmetleri, mekan\u0131n ihtiya\u00e7lar\u0131na uygun olarak eskiyen veya gereksinimleri de\u011fi\u015fen yap\u0131larda \u00f6nemli bir iyile\u015ftirme sa\u011flar. Bu hizmetler, konut sahipleri, i\u015fletme sahipleri veya m\u00fclk sahipleri i\u00e7in mekanlar\u0131n\u0131 daha kullan\u0131\u015fl\u0131, g\u00fcvenli ve estetik a\u00e7\u0131dan \u00e7ekici hale getirme imkan\u0131 sunar.<\/p>\t\t\t\t\t\t<\/div>\n\t\t\t\t<\/div>\n\t\t\t\t\t<\/div>\n\t\t\t\t<\/div>\n\t\t\t\t<\/div>\n\t\t","protected":false},"excerpt":{"rendered":"<p>Tadilat hizmetleri, mevcut bir yap\u0131n\u0131n veya mekan\u0131n fiziksel durumunu iyile\u015ftirmek, modernize etmek, i\u015flevselli\u011fini art\u0131rmak veya estetik olarak g\u00fcncellemek amac\u0131yla yap\u0131lan de\u011fi\u015fiklikleri i\u00e7erir. Tadilatlar genellikle evler, ofisler, ticari alanlar veya end\u00fcstriyel tesisler gibi \u00e7e\u015fitli mekanlarda ger\u00e7ekle\u015ftirilebilir. Tadilat hizmetleri, projenin \u00f6zelliklerine ve m\u00fc\u015fterinin taleplerine ba\u011fl\u0131 olarak farkl\u0131 alanlarda uygulanabilir. \u0130\u015fte tadilat hizmetlerinin ana hatlar\u0131: De\u011ferlendirme ve Planlama: [&hellip;]<\/p>\n","protected":false},"author":1,"featured_media":0,"parent":0,"menu_order":0,"comment_status":"closed","ping_status":"closed","template":"","meta":{"footnotes":""},"_links":{"self":[{"href":"https:\/\/sahinlergyo.com\/gyo\/wp-json\/wp\/v2\/pages\/17376"}],"collection":[{"href":"https:\/\/sahinlergyo.com\/gyo\/wp-json\/wp\/v2\/pages"}],"about":[{"href":"https:\/\/sahinlergyo.com\/gyo\/wp-json\/wp\/v2\/types\/page"}],"author":[{"embeddable":true,"href":"https:\/\/sahinlergyo.com\/gyo\/wp-json\/wp\/v2\/users\/1"}],"replies":[{"embeddable":true,"href":"https:\/\/sahinlergyo.com\/gyo\/wp-json\/wp\/v2\/comments?post=17376"}],"version-history":[{"count":7,"href":"https:\/\/sahinlergyo.com\/gyo\/wp-json\/wp\/v2\/pages\/17376\/revisions"}],"predecessor-version":[{"id":17485,"href":"https:\/\/sahinlergyo.com\/gyo\/wp-json\/wp\/v2\/pages\/17376\/revisions\/17485"}],"wp:attachment":[{"href":"https:\/\/sahinlergyo.com\/gyo\/wp-json\/wp\/v2\/media?parent=17376"}],"curies":[{"name":"wp","href":"https:\/\/api.w.org\/{rel}","templated":true}]}}